{"id":3483,"date":"2020-11-06T13:31:43","date_gmt":"2020-11-06T10:31:43","guid":{"rendered":"https:\/\/flexirocmachine.com\/tr\/?post_type=product&#038;p=3483"},"modified":"2021-09-13T11:17:04","modified_gmt":"2021-09-13T08:17:04","slug":"cek-valfi","status":"publish","type":"product","link":"https:\/\/flexirocmachine.com\/tr\/e-commerce\/cek-valfi\/","title":{"rendered":"\u00c7ek Valfi"},"content":{"rendered":"","protected":false},"excerpt":{"rendered":"<p>Delkom No : 120 200 044<br \/>\nEpiroc No : 3128 3024 28<\/p>\n","protected":false},"featured_media":57280,"template":"","meta":[],"product_brand":[],"product_cat":[1770,1769],"product_tag":[2440],"class_list":{"0":"post-3483","1":"product","2":"type-product","3":"status-publish","4":"has-post-thumbnail","6":"product_cat-epiroc","7":"product_cat-makina-yedek-parcalari","8":"product_tag-rocket-boomer-l2d","9":"product_shipping_class-1-2-hafta","11":"first","12":"instock","13":"shipping-taxable","14":"purchasable","15":"product-type-simple"},"yoast_head":"<!-- This site is optimized with the Yoast SEO plugin v27.3 - https:\/\/yoast.com\/product\/yoast-seo-wordpress\/ -->\n<title>\u00c7ek Valfi EPIROC, Makina Yedek Par\u00e7alar\u0131<\/title>\n<meta name=\"description\" content=\"Delkom No : 120 200 044 Epiroc No : 3128 3024 28\" \/>\n<meta name=\"robots\" content=\"index, follow, max-snippet:-1, max-image-preview:large, max-video-preview:-1\" \/>\n<link rel=\"canonical\" href=\"https:\/\/flexirocmachine.com\/tr\/e-commerce\/cek-valfi\/\" \/>\n<meta property=\"og:locale\" content=\"tr_TR\" \/>\n<meta property=\"og:type\" content=\"article\" \/>\n<meta property=\"og:title\" content=\"\u00c7ek Valfi EPIROC, Makina Yedek Par\u00e7alar\u0131\" \/>\n<meta property=\"og:description\" content=\"Delkom No : 120 200 044 Epiroc No : 3128 3024 28\" \/>\n<meta property=\"og:url\" content=\"https:\/\/flexirocmachine.com\/tr\/e-commerce\/cek-valfi\/\" \/>\n<meta property=\"og:site_name\" content=\"Flexiroc Delici Makine Yedek Par\u00e7alar\" \/>\n<meta property=\"article:modified_time\" content=\"2021-09-13T08:17:04+00:00\" \/>\n<meta property=\"og:image\" content=\"https:\/\/flexirocmachine.com\/tr\/wp-content\/uploads\/sites\/14\/2021\/09\/IMG_8203.png\" \/>\n\t<meta property=\"og:image:width\" content=\"600\" \/>\n\t<meta property=\"og:image:height\" content=\"400\" \/>\n\t<meta property=\"og:image:type\" content=\"image\/png\" \/>\n<meta name=\"twitter:card\" content=\"summary_large_image\" \/>\n<script type=\"application\/ld+json\" class=\"yoast-schema-graph\">{\"@context\":\"https:\\\/\\\/schema.org\",\"@graph\":[{\"@type\":\"WebPage\",\"@id\":\"https:\\\/\\\/flexirocmachine.com\\\/tr\\\/e-commerce\\\/cek-valfi\\\/\",\"url\":\"https:\\\/\\\/flexirocmachine.com\\\/tr\\\/e-commerce\\\/cek-valfi\\\/\",\"name\":\"\u00c7ek Valfi EPIROC, Makina Yedek Par\u00e7alar\u0131\",\"isPartOf\":{\"@id\":\"https:\\\/\\\/flexirocmachine.com\\\/tr\\\/#website\"},\"primaryImageOfPage\":{\"@id\":\"https:\\\/\\\/flexirocmachine.com\\\/tr\\\/e-commerce\\\/cek-valfi\\\/#primaryimage\"},\"image\":{\"@id\":\"https:\\\/\\\/flexirocmachine.com\\\/tr\\\/e-commerce\\\/cek-valfi\\\/#primaryimage\"},\"thumbnailUrl\":\"https:\\\/\\\/flexirocmachine.com\\\/tr\\\/wp-content\\\/uploads\\\/sites\\\/14\\\/2021\\\/09\\\/IMG_8203.png\",\"datePublished\":\"2020-11-06T10:31:43+00:00\",\"dateModified\":\"2021-09-13T08:17:04+00:00\",\"description\":\"Delkom No : 120 200 044 Epiroc No : 3128 3024 28\",\"breadcrumb\":{\"@id\":\"https:\\\/\\\/flexirocmachine.com\\\/tr\\\/e-commerce\\\/cek-valfi\\\/#breadcrumb\"},\"inLanguage\":\"tr\",\"potentialAction\":[{\"@type\":\"ReadAction\",\"target\":[\"https:\\\/\\\/flexirocmachine.com\\\/tr\\\/e-commerce\\\/cek-valfi\\\/\"]}]},{\"@type\":\"ImageObject\",\"inLanguage\":\"tr\",\"@id\":\"https:\\\/\\\/flexirocmachine.com\\\/tr\\\/e-commerce\\\/cek-valfi\\\/#primaryimage\",\"url\":\"https:\\\/\\\/flexirocmachine.com\\\/tr\\\/wp-content\\\/uploads\\\/sites\\\/14\\\/2021\\\/09\\\/IMG_8203.png\",\"contentUrl\":\"https:\\\/\\\/flexirocmachine.com\\\/tr\\\/wp-content\\\/uploads\\\/sites\\\/14\\\/2021\\\/09\\\/IMG_8203.png\",\"width\":600,\"height\":400},{\"@type\":\"BreadcrumbList\",\"@id\":\"https:\\\/\\\/flexirocmachine.com\\\/tr\\\/e-commerce\\\/cek-valfi\\\/#breadcrumb\",\"itemListElement\":[{\"@type\":\"ListItem\",\"position\":1,\"name\":\"Ana Sayfa\",\"item\":\"https:\\\/\\\/flexirocmachine.com\\\/tr\\\/\"},{\"@type\":\"ListItem\",\"position\":2,\"name\":\"E-Ticaret\",\"item\":\"https:\\\/\\\/flexirocmachine.com\\\/tr\\\/e-commerce\\\/\"},{\"@type\":\"ListItem\",\"position\":3,\"name\":\"\u00c7ek Valfi\"}]},{\"@type\":\"WebSite\",\"@id\":\"https:\\\/\\\/flexirocmachine.com\\\/tr\\\/#website\",\"url\":\"https:\\\/\\\/flexirocmachine.com\\\/tr\\\/\",\"name\":\"Flexiroc Delici Makine Yedek Par\u00e7alar\",\"description\":\"En Kaliteli Alternatif Kaya Delici Yedek Par\u00e7alar\",\"publisher\":{\"@id\":\"https:\\\/\\\/flexirocmachine.com\\\/tr\\\/#organization\"},\"potentialAction\":[{\"@type\":\"SearchAction\",\"target\":{\"@type\":\"EntryPoint\",\"urlTemplate\":\"https:\\\/\\\/flexirocmachine.com\\\/tr\\\/?s={search_term_string}\"},\"query-input\":{\"@type\":\"PropertyValueSpecification\",\"valueRequired\":true,\"valueName\":\"search_term_string\"}}],\"inLanguage\":\"tr\"},{\"@type\":\"Organization\",\"@id\":\"https:\\\/\\\/flexirocmachine.com\\\/tr\\\/#organization\",\"name\":\"Delkom Rock Drill\",\"url\":\"https:\\\/\\\/flexirocmachine.com\\\/tr\\\/\",\"logo\":{\"@type\":\"ImageObject\",\"inLanguage\":\"tr\",\"@id\":\"https:\\\/\\\/flexirocmachine.com\\\/tr\\\/#\\\/schema\\\/logo\\\/image\\\/\",\"url\":\"https:\\\/\\\/flexirocmachine.com\\\/tr\\\/wp-content\\\/uploads\\\/sites\\\/14\\\/2021\\\/06\\\/logo-white-1.png\",\"contentUrl\":\"https:\\\/\\\/flexirocmachine.com\\\/tr\\\/wp-content\\\/uploads\\\/sites\\\/14\\\/2021\\\/06\\\/logo-white-1.png\",\"width\":300,\"height\":74,\"caption\":\"Delkom Rock Drill\"},\"image\":{\"@id\":\"https:\\\/\\\/flexirocmachine.com\\\/tr\\\/#\\\/schema\\\/logo\\\/image\\\/\"}}]}<\/script>\n<!-- \/ Yoast SEO plugin. -->","yoast_head_json":{"title":"\u00c7ek Valfi EPIROC, Makina Yedek Par\u00e7alar\u0131","description":"Delkom No : 120 200 044 Epiroc No : 3128 3024 28","robots":{"index":"index","follow":"follow","max-snippet":"max-snippet:-1","max-image-preview":"max-image-preview:large","max-video-preview":"max-video-preview:-1"},"canonical":"https:\/\/flexirocmachine.com\/tr\/e-commerce\/cek-valfi\/","og_locale":"tr_TR","og_type":"article","og_title":"\u00c7ek Valfi EPIROC, Makina Yedek Par\u00e7alar\u0131","og_description":"Delkom No : 120 200 044 Epiroc No : 3128 3024 28","og_url":"https:\/\/flexirocmachine.com\/tr\/e-commerce\/cek-valfi\/","og_site_name":"Flexiroc Delici Makine Yedek Par\u00e7alar","article_modified_time":"2021-09-13T08:17:04+00:00","og_image":[{"width":600,"height":400,"url":"https:\/\/flexirocmachine.com\/tr\/wp-content\/uploads\/sites\/14\/2021\/09\/IMG_8203.png","type":"image\/png"}],"twitter_card":"summary_large_image","schema":{"@context":"https:\/\/schema.org","@graph":[{"@type":"WebPage","@id":"https:\/\/flexirocmachine.com\/tr\/e-commerce\/cek-valfi\/","url":"https:\/\/flexirocmachine.com\/tr\/e-commerce\/cek-valfi\/","name":"\u00c7ek Valfi EPIROC, Makina Yedek Par\u00e7alar\u0131","isPartOf":{"@id":"https:\/\/flexirocmachine.com\/tr\/#website"},"primaryImageOfPage":{"@id":"https:\/\/flexirocmachine.com\/tr\/e-commerce\/cek-valfi\/#primaryimage"},"image":{"@id":"https:\/\/flexirocmachine.com\/tr\/e-commerce\/cek-valfi\/#primaryimage"},"thumbnailUrl":"https:\/\/flexirocmachine.com\/tr\/wp-content\/uploads\/sites\/14\/2021\/09\/IMG_8203.png","datePublished":"2020-11-06T10:31:43+00:00","dateModified":"2021-09-13T08:17:04+00:00","description":"Delkom No : 120 200 044 Epiroc No : 3128 3024 28","breadcrumb":{"@id":"https:\/\/flexirocmachine.com\/tr\/e-commerce\/cek-valfi\/#breadcrumb"},"inLanguage":"tr","potentialAction":[{"@type":"ReadAction","target":["https:\/\/flexirocmachine.com\/tr\/e-commerce\/cek-valfi\/"]}]},{"@type":"ImageObject","inLanguage":"tr","@id":"https:\/\/flexirocmachine.com\/tr\/e-commerce\/cek-valfi\/#primaryimage","url":"https:\/\/flexirocmachine.com\/tr\/wp-content\/uploads\/sites\/14\/2021\/09\/IMG_8203.png","contentUrl":"https:\/\/flexirocmachine.com\/tr\/wp-content\/uploads\/sites\/14\/2021\/09\/IMG_8203.png","width":600,"height":400},{"@type":"BreadcrumbList","@id":"https:\/\/flexirocmachine.com\/tr\/e-commerce\/cek-valfi\/#breadcrumb","itemListElement":[{"@type":"ListItem","position":1,"name":"Ana Sayfa","item":"https:\/\/flexirocmachine.com\/tr\/"},{"@type":"ListItem","position":2,"name":"E-Ticaret","item":"https:\/\/flexirocmachine.com\/tr\/e-commerce\/"},{"@type":"ListItem","position":3,"name":"\u00c7ek Valfi"}]},{"@type":"WebSite","@id":"https:\/\/flexirocmachine.com\/tr\/#website","url":"https:\/\/flexirocmachine.com\/tr\/","name":"Flexiroc Delici Makine Yedek Par\u00e7alar","description":"En Kaliteli Alternatif Kaya Delici Yedek Par\u00e7alar","publisher":{"@id":"https:\/\/flexirocmachine.com\/tr\/#organization"},"potentialAction":[{"@type":"SearchAction","target":{"@type":"EntryPoint","urlTemplate":"https:\/\/flexirocmachine.com\/tr\/?s={search_term_string}"},"query-input":{"@type":"PropertyValueSpecification","valueRequired":true,"valueName":"search_term_string"}}],"inLanguage":"tr"},{"@type":"Organization","@id":"https:\/\/flexirocmachine.com\/tr\/#organization","name":"Delkom Rock Drill","url":"https:\/\/flexirocmachine.com\/tr\/","logo":{"@type":"ImageObject","inLanguage":"tr","@id":"https:\/\/flexirocmachine.com\/tr\/#\/schema\/logo\/image\/","url":"https:\/\/flexirocmachine.com\/tr\/wp-content\/uploads\/sites\/14\/2021\/06\/logo-white-1.png","contentUrl":"https:\/\/flexirocmachine.com\/tr\/wp-content\/uploads\/sites\/14\/2021\/06\/logo-white-1.png","width":300,"height":74,"caption":"Delkom Rock Drill"},"image":{"@id":"https:\/\/flexirocmachine.com\/tr\/#\/schema\/logo\/image\/"}}]}},"acf":[],"_links":{"self":[{"href":"https:\/\/flexirocmachine.com\/tr\/wp-json\/wp\/v2\/product\/3483","targetHints":{"allow":["GET"]}}],"collection":[{"href":"https:\/\/flexirocmachine.com\/tr\/wp-json\/wp\/v2\/product"}],"about":[{"href":"https:\/\/flexirocmachine.com\/tr\/wp-json\/wp\/v2\/types\/product"}],"wp:featuredmedia":[{"embeddable":true,"href":"https:\/\/flexirocmachine.com\/tr\/wp-json\/wp\/v2\/media\/57280"}],"wp:attachment":[{"href":"https:\/\/flexirocmachine.com\/tr\/wp-json\/wp\/v2\/media?parent=3483"}],"wp:term":[{"taxonomy":"product_brand","embeddable":true,"href":"https:\/\/flexirocmachine.com\/tr\/wp-json\/wp\/v2\/product_brand?post=3483"},{"taxonomy":"product_cat","embeddable":true,"href":"https:\/\/flexirocmachine.com\/tr\/wp-json\/wp\/v2\/product_cat?post=3483"},{"taxonomy":"product_tag","embeddable":true,"href":"https:\/\/flexirocmachine.com\/tr\/wp-json\/wp\/v2\/product_tag?post=3483"}],"curies":[{"name":"wp","href":"https:\/\/api.w.org\/{rel}","templated":true}]}}