{"id":2648,"date":"2020-11-06T13:29:23","date_gmt":"2020-11-06T10:29:23","guid":{"rendered":"https:\/\/flexirocmachine.com\/tr\/?post_type=product&#038;p=2648"},"modified":"2022-01-26T10:35:15","modified_gmt":"2022-01-26T07:35:15","slug":"donus-grubu-on-kapagi","status":"publish","type":"product","link":"https:\/\/flexirocmachine.com\/tr\/e-commerce\/donus-grubu-on-kapagi\/","title":{"rendered":"D\u00f6n\u00fc\u015f Grubu \u00d6n Kapa\u011f\u0131"},"content":{"rendered":"","protected":false},"excerpt":{"rendered":"<p>Delkom No : 120 101 477<br \/>\nEpiroc No : 3161 1229 00<\/p>\n","protected":false},"featured_media":60333,"template":"","meta":[],"product_brand":[],"product_cat":[1776,1777],"product_tag":[],"class_list":{"0":"post-2648","1":"product","2":"type-product","3":"status-publish","4":"has-post-thumbnail","6":"product_cat-dhr-yedek-parcalari","7":"product_cat-epiroc-dhr-yedek-parcalari","8":"product_shipping_class-1-2-hafta","10":"first","11":"instock","12":"shipping-taxable","13":"purchasable","14":"product-type-simple"},"yoast_head":"<!-- This site is optimized with the Yoast SEO plugin v27.3 - https:\/\/yoast.com\/product\/yoast-seo-wordpress\/ -->\n<title>D\u00f6n\u00fc\u015f Grubu \u00d6n Kapa\u011f\u0131 DHR Yedek Par\u00e7alar\u0131, EPIROC<\/title>\n<meta name=\"description\" content=\"Delkom No : 120 101 477 Epiroc No : 3161 1229 00\" \/>\n<meta name=\"robots\" content=\"index, follow, max-snippet:-1, max-image-preview:large, max-video-preview:-1\" \/>\n<link rel=\"canonical\" href=\"https:\/\/flexirocmachine.com\/tr\/e-commerce\/donus-grubu-on-kapagi\/\" \/>\n<meta property=\"og:locale\" content=\"tr_TR\" \/>\n<meta property=\"og:type\" content=\"article\" \/>\n<meta property=\"og:title\" content=\"D\u00f6n\u00fc\u015f Grubu \u00d6n Kapa\u011f\u0131 DHR Yedek Par\u00e7alar\u0131, EPIROC\" \/>\n<meta property=\"og:description\" content=\"Delkom No : 120 101 477 Epiroc No : 3161 1229 00\" \/>\n<meta property=\"og:url\" content=\"https:\/\/flexirocmachine.com\/tr\/e-commerce\/donus-grubu-on-kapagi\/\" \/>\n<meta property=\"og:site_name\" content=\"Flexiroc Delici Makine Yedek Par\u00e7alar\" \/>\n<meta property=\"article:modified_time\" content=\"2022-01-26T07:35:15+00:00\" \/>\n<meta property=\"og:image\" content=\"https:\/\/flexirocmachine.com\/tr\/wp-content\/uploads\/sites\/14\/2020\/11\/IMG_8938.png\" \/>\n\t<meta property=\"og:image:width\" content=\"600\" \/>\n\t<meta property=\"og:image:height\" content=\"400\" \/>\n\t<meta property=\"og:image:type\" content=\"image\/png\" \/>\n<meta name=\"twitter:card\" content=\"summary_large_image\" \/>\n<script type=\"application\/ld+json\" class=\"yoast-schema-graph\">{\"@context\":\"https:\\\/\\\/schema.org\",\"@graph\":[{\"@type\":\"WebPage\",\"@id\":\"https:\\\/\\\/flexirocmachine.com\\\/tr\\\/e-commerce\\\/donus-grubu-on-kapagi\\\/\",\"url\":\"https:\\\/\\\/flexirocmachine.com\\\/tr\\\/e-commerce\\\/donus-grubu-on-kapagi\\\/\",\"name\":\"D\u00f6n\u00fc\u015f Grubu \u00d6n Kapa\u011f\u0131 DHR Yedek Par\u00e7alar\u0131, EPIROC\",\"isPartOf\":{\"@id\":\"https:\\\/\\\/flexirocmachine.com\\\/tr\\\/#website\"},\"primaryImageOfPage\":{\"@id\":\"https:\\\/\\\/flexirocmachine.com\\\/tr\\\/e-commerce\\\/donus-grubu-on-kapagi\\\/#primaryimage\"},\"image\":{\"@id\":\"https:\\\/\\\/flexirocmachine.com\\\/tr\\\/e-commerce\\\/donus-grubu-on-kapagi\\\/#primaryimage\"},\"thumbnailUrl\":\"https:\\\/\\\/flexirocmachine.com\\\/tr\\\/wp-content\\\/uploads\\\/sites\\\/14\\\/2020\\\/11\\\/IMG_8938.png\",\"datePublished\":\"2020-11-06T10:29:23+00:00\",\"dateModified\":\"2022-01-26T07:35:15+00:00\",\"description\":\"Delkom No : 120 101 477 Epiroc No : 3161 1229 00\",\"breadcrumb\":{\"@id\":\"https:\\\/\\\/flexirocmachine.com\\\/tr\\\/e-commerce\\\/donus-grubu-on-kapagi\\\/#breadcrumb\"},\"inLanguage\":\"tr\",\"potentialAction\":[{\"@type\":\"ReadAction\",\"target\":[\"https:\\\/\\\/flexirocmachine.com\\\/tr\\\/e-commerce\\\/donus-grubu-on-kapagi\\\/\"]}]},{\"@type\":\"ImageObject\",\"inLanguage\":\"tr\",\"@id\":\"https:\\\/\\\/flexirocmachine.com\\\/tr\\\/e-commerce\\\/donus-grubu-on-kapagi\\\/#primaryimage\",\"url\":\"https:\\\/\\\/flexirocmachine.com\\\/tr\\\/wp-content\\\/uploads\\\/sites\\\/14\\\/2020\\\/11\\\/IMG_8938.png\",\"contentUrl\":\"https:\\\/\\\/flexirocmachine.com\\\/tr\\\/wp-content\\\/uploads\\\/sites\\\/14\\\/2020\\\/11\\\/IMG_8938.png\",\"width\":600,\"height\":400},{\"@type\":\"BreadcrumbList\",\"@id\":\"https:\\\/\\\/flexirocmachine.com\\\/tr\\\/e-commerce\\\/donus-grubu-on-kapagi\\\/#breadcrumb\",\"itemListElement\":[{\"@type\":\"ListItem\",\"position\":1,\"name\":\"Ana Sayfa\",\"item\":\"https:\\\/\\\/flexirocmachine.com\\\/tr\\\/\"},{\"@type\":\"ListItem\",\"position\":2,\"name\":\"E-Ticaret\",\"item\":\"https:\\\/\\\/flexirocmachine.com\\\/tr\\\/e-commerce\\\/\"},{\"@type\":\"ListItem\",\"position\":3,\"name\":\"D\u00f6n\u00fc\u015f Grubu \u00d6n Kapa\u011f\u0131\"}]},{\"@type\":\"WebSite\",\"@id\":\"https:\\\/\\\/flexirocmachine.com\\\/tr\\\/#website\",\"url\":\"https:\\\/\\\/flexirocmachine.com\\\/tr\\\/\",\"name\":\"Flexiroc Delici Makine Yedek Par\u00e7alar\",\"description\":\"En Kaliteli Alternatif Kaya Delici Yedek Par\u00e7alar\",\"publisher\":{\"@id\":\"https:\\\/\\\/flexirocmachine.com\\\/tr\\\/#organization\"},\"potentialAction\":[{\"@type\":\"SearchAction\",\"target\":{\"@type\":\"EntryPoint\",\"urlTemplate\":\"https:\\\/\\\/flexirocmachine.com\\\/tr\\\/?s={search_term_string}\"},\"query-input\":{\"@type\":\"PropertyValueSpecification\",\"valueRequired\":true,\"valueName\":\"search_term_string\"}}],\"inLanguage\":\"tr\"},{\"@type\":\"Organization\",\"@id\":\"https:\\\/\\\/flexirocmachine.com\\\/tr\\\/#organization\",\"name\":\"Delkom Rock Drill\",\"url\":\"https:\\\/\\\/flexirocmachine.com\\\/tr\\\/\",\"logo\":{\"@type\":\"ImageObject\",\"inLanguage\":\"tr\",\"@id\":\"https:\\\/\\\/flexirocmachine.com\\\/tr\\\/#\\\/schema\\\/logo\\\/image\\\/\",\"url\":\"https:\\\/\\\/flexirocmachine.com\\\/tr\\\/wp-content\\\/uploads\\\/sites\\\/14\\\/2021\\\/06\\\/logo-white-1.png\",\"contentUrl\":\"https:\\\/\\\/flexirocmachine.com\\\/tr\\\/wp-content\\\/uploads\\\/sites\\\/14\\\/2021\\\/06\\\/logo-white-1.png\",\"width\":300,\"height\":74,\"caption\":\"Delkom Rock Drill\"},\"image\":{\"@id\":\"https:\\\/\\\/flexirocmachine.com\\\/tr\\\/#\\\/schema\\\/logo\\\/image\\\/\"}}]}<\/script>\n<!-- \/ Yoast SEO plugin. -->","yoast_head_json":{"title":"D\u00f6n\u00fc\u015f Grubu \u00d6n Kapa\u011f\u0131 DHR Yedek Par\u00e7alar\u0131, EPIROC","description":"Delkom No : 120 101 477 Epiroc No : 3161 1229 00","robots":{"index":"index","follow":"follow","max-snippet":"max-snippet:-1","max-image-preview":"max-image-preview:large","max-video-preview":"max-video-preview:-1"},"canonical":"https:\/\/flexirocmachine.com\/tr\/e-commerce\/donus-grubu-on-kapagi\/","og_locale":"tr_TR","og_type":"article","og_title":"D\u00f6n\u00fc\u015f Grubu \u00d6n Kapa\u011f\u0131 DHR Yedek Par\u00e7alar\u0131, EPIROC","og_description":"Delkom No : 120 101 477 Epiroc No : 3161 1229 00","og_url":"https:\/\/flexirocmachine.com\/tr\/e-commerce\/donus-grubu-on-kapagi\/","og_site_name":"Flexiroc Delici Makine Yedek Par\u00e7alar","article_modified_time":"2022-01-26T07:35:15+00:00","og_image":[{"width":600,"height":400,"url":"https:\/\/flexirocmachine.com\/tr\/wp-content\/uploads\/sites\/14\/2020\/11\/IMG_8938.png","type":"image\/png"}],"twitter_card":"summary_large_image","schema":{"@context":"https:\/\/schema.org","@graph":[{"@type":"WebPage","@id":"https:\/\/flexirocmachine.com\/tr\/e-commerce\/donus-grubu-on-kapagi\/","url":"https:\/\/flexirocmachine.com\/tr\/e-commerce\/donus-grubu-on-kapagi\/","name":"D\u00f6n\u00fc\u015f Grubu \u00d6n Kapa\u011f\u0131 DHR Yedek Par\u00e7alar\u0131, EPIROC","isPartOf":{"@id":"https:\/\/flexirocmachine.com\/tr\/#website"},"primaryImageOfPage":{"@id":"https:\/\/flexirocmachine.com\/tr\/e-commerce\/donus-grubu-on-kapagi\/#primaryimage"},"image":{"@id":"https:\/\/flexirocmachine.com\/tr\/e-commerce\/donus-grubu-on-kapagi\/#primaryimage"},"thumbnailUrl":"https:\/\/flexirocmachine.com\/tr\/wp-content\/uploads\/sites\/14\/2020\/11\/IMG_8938.png","datePublished":"2020-11-06T10:29:23+00:00","dateModified":"2022-01-26T07:35:15+00:00","description":"Delkom No : 120 101 477 Epiroc No : 3161 1229 00","breadcrumb":{"@id":"https:\/\/flexirocmachine.com\/tr\/e-commerce\/donus-grubu-on-kapagi\/#breadcrumb"},"inLanguage":"tr","potentialAction":[{"@type":"ReadAction","target":["https:\/\/flexirocmachine.com\/tr\/e-commerce\/donus-grubu-on-kapagi\/"]}]},{"@type":"ImageObject","inLanguage":"tr","@id":"https:\/\/flexirocmachine.com\/tr\/e-commerce\/donus-grubu-on-kapagi\/#primaryimage","url":"https:\/\/flexirocmachine.com\/tr\/wp-content\/uploads\/sites\/14\/2020\/11\/IMG_8938.png","contentUrl":"https:\/\/flexirocmachine.com\/tr\/wp-content\/uploads\/sites\/14\/2020\/11\/IMG_8938.png","width":600,"height":400},{"@type":"BreadcrumbList","@id":"https:\/\/flexirocmachine.com\/tr\/e-commerce\/donus-grubu-on-kapagi\/#breadcrumb","itemListElement":[{"@type":"ListItem","position":1,"name":"Ana Sayfa","item":"https:\/\/flexirocmachine.com\/tr\/"},{"@type":"ListItem","position":2,"name":"E-Ticaret","item":"https:\/\/flexirocmachine.com\/tr\/e-commerce\/"},{"@type":"ListItem","position":3,"name":"D\u00f6n\u00fc\u015f Grubu \u00d6n Kapa\u011f\u0131"}]},{"@type":"WebSite","@id":"https:\/\/flexirocmachine.com\/tr\/#website","url":"https:\/\/flexirocmachine.com\/tr\/","name":"Flexiroc Delici Makine Yedek Par\u00e7alar","description":"En Kaliteli Alternatif Kaya Delici Yedek Par\u00e7alar","publisher":{"@id":"https:\/\/flexirocmachine.com\/tr\/#organization"},"potentialAction":[{"@type":"SearchAction","target":{"@type":"EntryPoint","urlTemplate":"https:\/\/flexirocmachine.com\/tr\/?s={search_term_string}"},"query-input":{"@type":"PropertyValueSpecification","valueRequired":true,"valueName":"search_term_string"}}],"inLanguage":"tr"},{"@type":"Organization","@id":"https:\/\/flexirocmachine.com\/tr\/#organization","name":"Delkom Rock Drill","url":"https:\/\/flexirocmachine.com\/tr\/","logo":{"@type":"ImageObject","inLanguage":"tr","@id":"https:\/\/flexirocmachine.com\/tr\/#\/schema\/logo\/image\/","url":"https:\/\/flexirocmachine.com\/tr\/wp-content\/uploads\/sites\/14\/2021\/06\/logo-white-1.png","contentUrl":"https:\/\/flexirocmachine.com\/tr\/wp-content\/uploads\/sites\/14\/2021\/06\/logo-white-1.png","width":300,"height":74,"caption":"Delkom Rock Drill"},"image":{"@id":"https:\/\/flexirocmachine.com\/tr\/#\/schema\/logo\/image\/"}}]}},"acf":[],"_links":{"self":[{"href":"https:\/\/flexirocmachine.com\/tr\/wp-json\/wp\/v2\/product\/2648","targetHints":{"allow":["GET"]}}],"collection":[{"href":"https:\/\/flexirocmachine.com\/tr\/wp-json\/wp\/v2\/product"}],"about":[{"href":"https:\/\/flexirocmachine.com\/tr\/wp-json\/wp\/v2\/types\/product"}],"wp:featuredmedia":[{"embeddable":true,"href":"https:\/\/flexirocmachine.com\/tr\/wp-json\/wp\/v2\/media\/60333"}],"wp:attachment":[{"href":"https:\/\/flexirocmachine.com\/tr\/wp-json\/wp\/v2\/media?parent=2648"}],"wp:term":[{"taxonomy":"product_brand","embeddable":true,"href":"https:\/\/flexirocmachine.com\/tr\/wp-json\/wp\/v2\/product_brand?post=2648"},{"taxonomy":"product_cat","embeddable":true,"href":"https:\/\/flexirocmachine.com\/tr\/wp-json\/wp\/v2\/product_cat?post=2648"},{"taxonomy":"product_tag","embeddable":true,"href":"https:\/\/flexirocmachine.com\/tr\/wp-json\/wp\/v2\/product_tag?post=2648"}],"curies":[{"name":"wp","href":"https:\/\/api.w.org\/{rel}","templated":true}]}}