{"id":1921,"date":"2020-11-06T13:27:13","date_gmt":"2020-11-06T10:27:13","guid":{"rendered":"https:\/\/flexirocmachine.com\/tr\/?post_type=product&#038;p=1921"},"modified":"2024-03-12T14:19:04","modified_gmt":"2024-03-12T11:19:04","slug":"damping-piston-arka-yatagi","status":"publish","type":"product","link":"https:\/\/flexirocmachine.com\/tr\/e-commerce\/damping-piston-arka-yatagi\/","title":{"rendered":"Damping Piston Arka Yata\u011f\u0131"},"content":{"rendered":"","protected":false},"excerpt":{"rendered":"<p>Delkom No : 110 100 718<br \/>\nReferans No : 550 267 97<\/p>\n","protected":false},"featured_media":56498,"template":"","meta":[],"product_brand":[],"product_cat":[1778,1782],"product_tag":[2017,2064],"class_list":{"0":"post-1921","1":"product","2":"type-product","3":"status-publish","4":"has-post-thumbnail","6":"product_cat-hidrolik-tabanca-parcalari","7":"product_cat-kaya-delici-makine-hidrolik-tabanca-parcalari","8":"product_tag-kaya-delici-tabanca-hl800t","9":"product_tag-kaya-delici-tabanca-hl810t","10":"product_shipping_class-1-2-hafta","12":"first","13":"instock","14":"shipping-taxable","15":"purchasable","16":"product-type-simple"},"yoast_head":"<!-- This site is optimized with the Yoast SEO plugin v27.3 - https:\/\/yoast.com\/product\/yoast-seo-wordpress\/ -->\n<title>Damping Piston Arka Yata\u011f\u0131 Hidrolik Tabanca Par\u00e7alar\u0131, Kaya Delici Makine<\/title>\n<meta name=\"description\" content=\"Delkom No : 110 100 718 Referans No : 550 267 97\" \/>\n<meta name=\"robots\" content=\"index, follow, max-snippet:-1, max-image-preview:large, max-video-preview:-1\" \/>\n<link rel=\"canonical\" href=\"https:\/\/flexirocmachine.com\/tr\/e-commerce\/damping-piston-arka-yatagi\/\" \/>\n<meta property=\"og:locale\" content=\"tr_TR\" \/>\n<meta property=\"og:type\" content=\"article\" \/>\n<meta property=\"og:title\" content=\"Damping Piston Arka Yata\u011f\u0131 Hidrolik Tabanca Par\u00e7alar\u0131, Kaya Delici Makine\" \/>\n<meta property=\"og:description\" content=\"Delkom No : 110 100 718 Referans No : 550 267 97\" \/>\n<meta property=\"og:url\" content=\"https:\/\/flexirocmachine.com\/tr\/e-commerce\/damping-piston-arka-yatagi\/\" \/>\n<meta property=\"og:site_name\" content=\"Flexiroc Delici Makine Yedek Par\u00e7alar\" \/>\n<meta property=\"article:modified_time\" content=\"2024-03-12T11:19:04+00:00\" \/>\n<meta property=\"og:image\" content=\"https:\/\/flexirocmachine.com\/tr\/wp-content\/uploads\/sites\/14\/2021\/09\/IMG_9564.png\" \/>\n\t<meta property=\"og:image:width\" content=\"600\" \/>\n\t<meta property=\"og:image:height\" content=\"400\" \/>\n\t<meta property=\"og:image:type\" content=\"image\/png\" \/>\n<meta name=\"twitter:card\" content=\"summary_large_image\" \/>\n<script type=\"application\/ld+json\" class=\"yoast-schema-graph\">{\"@context\":\"https:\\\/\\\/schema.org\",\"@graph\":[{\"@type\":\"WebPage\",\"@id\":\"https:\\\/\\\/flexirocmachine.com\\\/tr\\\/e-commerce\\\/damping-piston-arka-yatagi\\\/\",\"url\":\"https:\\\/\\\/flexirocmachine.com\\\/tr\\\/e-commerce\\\/damping-piston-arka-yatagi\\\/\",\"name\":\"Damping Piston Arka Yata\u011f\u0131 Hidrolik Tabanca Par\u00e7alar\u0131, Kaya Delici Makine\",\"isPartOf\":{\"@id\":\"https:\\\/\\\/flexirocmachine.com\\\/tr\\\/#website\"},\"primaryImageOfPage\":{\"@id\":\"https:\\\/\\\/flexirocmachine.com\\\/tr\\\/e-commerce\\\/damping-piston-arka-yatagi\\\/#primaryimage\"},\"image\":{\"@id\":\"https:\\\/\\\/flexirocmachine.com\\\/tr\\\/e-commerce\\\/damping-piston-arka-yatagi\\\/#primaryimage\"},\"thumbnailUrl\":\"https:\\\/\\\/flexirocmachine.com\\\/tr\\\/wp-content\\\/uploads\\\/sites\\\/14\\\/2021\\\/09\\\/IMG_9564.png\",\"datePublished\":\"2020-11-06T10:27:13+00:00\",\"dateModified\":\"2024-03-12T11:19:04+00:00\",\"description\":\"Delkom No : 110 100 718 Referans No : 550 267 97\",\"breadcrumb\":{\"@id\":\"https:\\\/\\\/flexirocmachine.com\\\/tr\\\/e-commerce\\\/damping-piston-arka-yatagi\\\/#breadcrumb\"},\"inLanguage\":\"tr\",\"potentialAction\":[{\"@type\":\"ReadAction\",\"target\":[\"https:\\\/\\\/flexirocmachine.com\\\/tr\\\/e-commerce\\\/damping-piston-arka-yatagi\\\/\"]}]},{\"@type\":\"ImageObject\",\"inLanguage\":\"tr\",\"@id\":\"https:\\\/\\\/flexirocmachine.com\\\/tr\\\/e-commerce\\\/damping-piston-arka-yatagi\\\/#primaryimage\",\"url\":\"https:\\\/\\\/flexirocmachine.com\\\/tr\\\/wp-content\\\/uploads\\\/sites\\\/14\\\/2021\\\/09\\\/IMG_9564.png\",\"contentUrl\":\"https:\\\/\\\/flexirocmachine.com\\\/tr\\\/wp-content\\\/uploads\\\/sites\\\/14\\\/2021\\\/09\\\/IMG_9564.png\",\"width\":600,\"height\":400},{\"@type\":\"BreadcrumbList\",\"@id\":\"https:\\\/\\\/flexirocmachine.com\\\/tr\\\/e-commerce\\\/damping-piston-arka-yatagi\\\/#breadcrumb\",\"itemListElement\":[{\"@type\":\"ListItem\",\"position\":1,\"name\":\"Ana Sayfa\",\"item\":\"https:\\\/\\\/flexirocmachine.com\\\/tr\\\/\"},{\"@type\":\"ListItem\",\"position\":2,\"name\":\"E-Ticaret\",\"item\":\"https:\\\/\\\/flexirocmachine.com\\\/tr\\\/e-commerce\\\/\"},{\"@type\":\"ListItem\",\"position\":3,\"name\":\"Damping Piston Arka Yata\u011f\u0131\"}]},{\"@type\":\"WebSite\",\"@id\":\"https:\\\/\\\/flexirocmachine.com\\\/tr\\\/#website\",\"url\":\"https:\\\/\\\/flexirocmachine.com\\\/tr\\\/\",\"name\":\"Flexiroc Delici Makine Yedek Par\u00e7alar\",\"description\":\"En Kaliteli Alternatif Kaya Delici Yedek Par\u00e7alar\",\"publisher\":{\"@id\":\"https:\\\/\\\/flexirocmachine.com\\\/tr\\\/#organization\"},\"potentialAction\":[{\"@type\":\"SearchAction\",\"target\":{\"@type\":\"EntryPoint\",\"urlTemplate\":\"https:\\\/\\\/flexirocmachine.com\\\/tr\\\/?s={search_term_string}\"},\"query-input\":{\"@type\":\"PropertyValueSpecification\",\"valueRequired\":true,\"valueName\":\"search_term_string\"}}],\"inLanguage\":\"tr\"},{\"@type\":\"Organization\",\"@id\":\"https:\\\/\\\/flexirocmachine.com\\\/tr\\\/#organization\",\"name\":\"Delkom Rock Drill\",\"url\":\"https:\\\/\\\/flexirocmachine.com\\\/tr\\\/\",\"logo\":{\"@type\":\"ImageObject\",\"inLanguage\":\"tr\",\"@id\":\"https:\\\/\\\/flexirocmachine.com\\\/tr\\\/#\\\/schema\\\/logo\\\/image\\\/\",\"url\":\"https:\\\/\\\/flexirocmachine.com\\\/tr\\\/wp-content\\\/uploads\\\/sites\\\/14\\\/2021\\\/06\\\/logo-white-1.png\",\"contentUrl\":\"https:\\\/\\\/flexirocmachine.com\\\/tr\\\/wp-content\\\/uploads\\\/sites\\\/14\\\/2021\\\/06\\\/logo-white-1.png\",\"width\":300,\"height\":74,\"caption\":\"Delkom Rock Drill\"},\"image\":{\"@id\":\"https:\\\/\\\/flexirocmachine.com\\\/tr\\\/#\\\/schema\\\/logo\\\/image\\\/\"}}]}<\/script>\n<!-- \/ Yoast SEO plugin. -->","yoast_head_json":{"title":"Damping Piston Arka Yata\u011f\u0131 Hidrolik Tabanca Par\u00e7alar\u0131, Kaya Delici Makine","description":"Delkom No : 110 100 718 Referans No : 550 267 97","robots":{"index":"index","follow":"follow","max-snippet":"max-snippet:-1","max-image-preview":"max-image-preview:large","max-video-preview":"max-video-preview:-1"},"canonical":"https:\/\/flexirocmachine.com\/tr\/e-commerce\/damping-piston-arka-yatagi\/","og_locale":"tr_TR","og_type":"article","og_title":"Damping Piston Arka Yata\u011f\u0131 Hidrolik Tabanca Par\u00e7alar\u0131, Kaya Delici Makine","og_description":"Delkom No : 110 100 718 Referans No : 550 267 97","og_url":"https:\/\/flexirocmachine.com\/tr\/e-commerce\/damping-piston-arka-yatagi\/","og_site_name":"Flexiroc Delici Makine Yedek Par\u00e7alar","article_modified_time":"2024-03-12T11:19:04+00:00","og_image":[{"width":600,"height":400,"url":"https:\/\/flexirocmachine.com\/tr\/wp-content\/uploads\/sites\/14\/2021\/09\/IMG_9564.png","type":"image\/png"}],"twitter_card":"summary_large_image","schema":{"@context":"https:\/\/schema.org","@graph":[{"@type":"WebPage","@id":"https:\/\/flexirocmachine.com\/tr\/e-commerce\/damping-piston-arka-yatagi\/","url":"https:\/\/flexirocmachine.com\/tr\/e-commerce\/damping-piston-arka-yatagi\/","name":"Damping Piston Arka Yata\u011f\u0131 Hidrolik Tabanca Par\u00e7alar\u0131, Kaya Delici Makine","isPartOf":{"@id":"https:\/\/flexirocmachine.com\/tr\/#website"},"primaryImageOfPage":{"@id":"https:\/\/flexirocmachine.com\/tr\/e-commerce\/damping-piston-arka-yatagi\/#primaryimage"},"image":{"@id":"https:\/\/flexirocmachine.com\/tr\/e-commerce\/damping-piston-arka-yatagi\/#primaryimage"},"thumbnailUrl":"https:\/\/flexirocmachine.com\/tr\/wp-content\/uploads\/sites\/14\/2021\/09\/IMG_9564.png","datePublished":"2020-11-06T10:27:13+00:00","dateModified":"2024-03-12T11:19:04+00:00","description":"Delkom No : 110 100 718 Referans No : 550 267 97","breadcrumb":{"@id":"https:\/\/flexirocmachine.com\/tr\/e-commerce\/damping-piston-arka-yatagi\/#breadcrumb"},"inLanguage":"tr","potentialAction":[{"@type":"ReadAction","target":["https:\/\/flexirocmachine.com\/tr\/e-commerce\/damping-piston-arka-yatagi\/"]}]},{"@type":"ImageObject","inLanguage":"tr","@id":"https:\/\/flexirocmachine.com\/tr\/e-commerce\/damping-piston-arka-yatagi\/#primaryimage","url":"https:\/\/flexirocmachine.com\/tr\/wp-content\/uploads\/sites\/14\/2021\/09\/IMG_9564.png","contentUrl":"https:\/\/flexirocmachine.com\/tr\/wp-content\/uploads\/sites\/14\/2021\/09\/IMG_9564.png","width":600,"height":400},{"@type":"BreadcrumbList","@id":"https:\/\/flexirocmachine.com\/tr\/e-commerce\/damping-piston-arka-yatagi\/#breadcrumb","itemListElement":[{"@type":"ListItem","position":1,"name":"Ana Sayfa","item":"https:\/\/flexirocmachine.com\/tr\/"},{"@type":"ListItem","position":2,"name":"E-Ticaret","item":"https:\/\/flexirocmachine.com\/tr\/e-commerce\/"},{"@type":"ListItem","position":3,"name":"Damping Piston Arka Yata\u011f\u0131"}]},{"@type":"WebSite","@id":"https:\/\/flexirocmachine.com\/tr\/#website","url":"https:\/\/flexirocmachine.com\/tr\/","name":"Flexiroc Delici Makine Yedek Par\u00e7alar","description":"En Kaliteli Alternatif Kaya Delici Yedek Par\u00e7alar","publisher":{"@id":"https:\/\/flexirocmachine.com\/tr\/#organization"},"potentialAction":[{"@type":"SearchAction","target":{"@type":"EntryPoint","urlTemplate":"https:\/\/flexirocmachine.com\/tr\/?s={search_term_string}"},"query-input":{"@type":"PropertyValueSpecification","valueRequired":true,"valueName":"search_term_string"}}],"inLanguage":"tr"},{"@type":"Organization","@id":"https:\/\/flexirocmachine.com\/tr\/#organization","name":"Delkom Rock Drill","url":"https:\/\/flexirocmachine.com\/tr\/","logo":{"@type":"ImageObject","inLanguage":"tr","@id":"https:\/\/flexirocmachine.com\/tr\/#\/schema\/logo\/image\/","url":"https:\/\/flexirocmachine.com\/tr\/wp-content\/uploads\/sites\/14\/2021\/06\/logo-white-1.png","contentUrl":"https:\/\/flexirocmachine.com\/tr\/wp-content\/uploads\/sites\/14\/2021\/06\/logo-white-1.png","width":300,"height":74,"caption":"Delkom Rock Drill"},"image":{"@id":"https:\/\/flexirocmachine.com\/tr\/#\/schema\/logo\/image\/"}}]}},"acf":[],"_links":{"self":[{"href":"https:\/\/flexirocmachine.com\/tr\/wp-json\/wp\/v2\/product\/1921","targetHints":{"allow":["GET"]}}],"collection":[{"href":"https:\/\/flexirocmachine.com\/tr\/wp-json\/wp\/v2\/product"}],"about":[{"href":"https:\/\/flexirocmachine.com\/tr\/wp-json\/wp\/v2\/types\/product"}],"wp:featuredmedia":[{"embeddable":true,"href":"https:\/\/flexirocmachine.com\/tr\/wp-json\/wp\/v2\/media\/56498"}],"wp:attachment":[{"href":"https:\/\/flexirocmachine.com\/tr\/wp-json\/wp\/v2\/media?parent=1921"}],"wp:term":[{"taxonomy":"product_brand","embeddable":true,"href":"https:\/\/flexirocmachine.com\/tr\/wp-json\/wp\/v2\/product_brand?post=1921"},{"taxonomy":"product_cat","embeddable":true,"href":"https:\/\/flexirocmachine.com\/tr\/wp-json\/wp\/v2\/product_cat?post=1921"},{"taxonomy":"product_tag","embeddable":true,"href":"https:\/\/flexirocmachine.com\/tr\/wp-json\/wp\/v2\/product_tag?post=1921"}],"curies":[{"name":"wp","href":"https:\/\/api.w.org\/{rel}","templated":true}]}}